{"id":243,"date":"2024-04-24T12:36:52","date_gmt":"2024-04-24T12:36:52","guid":{"rendered":"https:\/\/repandcreate-mueller.ch\/wordpress\/?page_id=243"},"modified":"2024-07-03T21:13:06","modified_gmt":"2024-07-03T21:13:06","slug":"das-darf-ich-erwarten","status":"publish","type":"page","link":"https:\/\/repandcreate-mueller.ch\/?page_id=243","title":{"rendered":"Das darfst du erwarten"},"content":{"rendered":"\n<div class=\"wp-block-group alignfull has-accent-background-color has-background has-global-padding is-layout-constrained wp-container-core-group-is-layout-669513ed wp-block-group-is-layout-constrained\" style=\"margin-top:0;margin-bottom:0;padding-top:var(--wp--preset--spacing--50);padding-right:var(--wp--preset--spacing--50);padding-bottom:var(--wp--preset--spacing--50);padding-left:var(--wp--preset--spacing--50)\">\n<figure class=\"wp-block-image alignwide size-large\"><img loading=\"lazy\" decoding=\"async\" width=\"1024\" height=\"281\" src=\"https:\/\/repandcreate-mueller.ch\/wordpress\/wp-content\/uploads\/2024\/06\/StarletGross-1024x281.png\" alt=\"\" class=\"wp-image-338\" srcset=\"https:\/\/repandcreate-mueller.ch\/wp-content\/uploads\/2024\/06\/StarletGross-1024x281.png 1024w, https:\/\/repandcreate-mueller.ch\/wp-content\/uploads\/2024\/06\/StarletGross-300x82.png 300w, https:\/\/repandcreate-mueller.ch\/wp-content\/uploads\/2024\/06\/StarletGross-768x211.png 768w, https:\/\/repandcreate-mueller.ch\/wp-content\/uploads\/2024\/06\/StarletGross-1536x422.png 1536w, https:\/\/repandcreate-mueller.ch\/wp-content\/uploads\/2024\/06\/StarletGross-2048x562.png 2048w\" sizes=\"auto, (max-width: 1024px) 100vw, 1024px\" \/><\/figure>\n\n\n\n<div class=\"wp-block-columns alignwide is-layout-flex wp-container-core-columns-is-layout-1da03c2a wp-block-columns-is-layout-flex\">\n<div class=\"wp-block-column is-vertically-aligned-stretch is-layout-flow wp-block-column-is-layout-flow\" style=\"flex-basis:50%\">\n<div class=\"wp-block-group is-vertical is-content-justification-stretch is-layout-flex wp-container-core-group-is-layout-03ea0e6e wp-block-group-is-layout-flex\" style=\"min-height:100%\">\n<p class=\"has-heading-font-family has-x-large-font-size\" style=\"line-height:1.2\">CAD Service: <\/p>\n\n\n\n<ul class=\"wp-block-list\">\n<li>von der Idee zur Datei<\/li>\n\n\n\n<li>Bearbeiten von 3D Dateien f\u00fcr die Individualisierung<\/li>\n\n\n\n<li>Fokus: Funktional, Modellbau, Organizer, Geh\u00e4use, Halterungen, Ersatzteile<\/li>\n\n\n\n<li>Kann mit 3D Druck und\/oder weiteren Services zu einem fertigen Objekt gefertigt werden<\/li>\n<\/ul>\n\n\n\n<p><\/p>\n\n\n\n<p><strong>Meine Infrastruktur \/ Grenzen:<\/strong><\/p>\n\n\n\n<ul class=\"wp-block-list\">\n<li>Freecad, Blender, Meshmixer -&gt; Freie Software<\/li>\n\n\n\n<li>Zeit: Ich mache das hobbym\u00e4ssig, entsprechend darf man keinen &#8222;Sofort-Service&#8220; erwarten. Je nach Komplexit\u00e4t, ben\u00f6tigt es viel Zeit -manchmal sogar Monate, wenn man etwas von Grund auf erstellen will. Beispiel: Um ein Modellflugzeug zu konstruieren, wie im Titelbild, ben\u00f6tigt es viel Zeit, es kann auch Monate ben\u00f6tigen, wenn man das von Grund auf erstellen will. So ein Visitenst\u00e4nder mit QR-Code ist in 1\u20132 Wochen Prototyp m\u00e4ssig machbar.<\/li>\n<\/ul>\n\n\n\n<div class=\"wp-block-contact-form-7-contact-form-selector\">\n<div class=\"wpcf7 no-js\" id=\"wpcf7-f4-o1\" lang=\"de-DE\" dir=\"ltr\" data-wpcf7-id=\"4\">\n<div class=\"screen-reader-response\"><p role=\"status\" aria-live=\"polite\" aria-atomic=\"true\"><\/p> <ul><\/ul><\/div>\n<form action=\"\/index.php?rest_route=%2Fwp%2Fv2%2Fpages%2F243#wpcf7-f4-o1\" method=\"post\" class=\"wpcf7-form init\" aria-label=\"Kontaktformular\" novalidate=\"novalidate\" data-status=\"init\">\n<fieldset class=\"hidden-fields-container\"><input type=\"hidden\" name=\"_wpcf7\" value=\"4\" \/><input type=\"hidden\" name=\"_wpcf7_version\" value=\"6.1.5\" \/><input type=\"hidden\" name=\"_wpcf7_locale\" value=\"de_DE\" \/><input type=\"hidden\" name=\"_wpcf7_unit_tag\" value=\"wpcf7-f4-o1\" \/><input type=\"hidden\" name=\"_wpcf7_container_post\" value=\"0\" \/><input type=\"hidden\" name=\"_wpcf7_posted_data_hash\" value=\"\" \/><input type=\"hidden\" name=\"_wpcf7_recaptcha_response\" value=\"\" \/>\n<\/fieldset>\n<p><label> Dein Name<br \/>\n<span class=\"wpcf7-form-control-wrap\" data-name=\"your-name\"><input size=\"40\" maxlength=\"400\" class=\"wpcf7-form-control wpcf7-text wpcf7-validates-as-required\" autocomplete=\"name\" aria-required=\"true\" aria-invalid=\"false\" value=\"\" type=\"text\" name=\"your-name\" \/><\/span> <\/label>\n<\/p>\n<p><label> Deine E-Mail-Adresse<br \/>\n<span class=\"wpcf7-form-control-wrap\" data-name=\"your-email\"><input size=\"40\" maxlength=\"400\" class=\"wpcf7-form-control wpcf7-email wpcf7-validates-as-required wpcf7-text wpcf7-validates-as-email\" autocomplete=\"email\" aria-required=\"true\" aria-invalid=\"false\" value=\"\" type=\"email\" name=\"your-email\" \/><\/span> <\/label>\n<\/p>\n<p><label> Betreff<br \/>\n<span class=\"wpcf7-form-control-wrap\" data-name=\"your-subject\"><input size=\"40\" maxlength=\"400\" class=\"wpcf7-form-control wpcf7-text wpcf7-validates-as-required\" aria-required=\"true\" aria-invalid=\"false\" value=\"\" type=\"text\" name=\"your-subject\" \/><\/span> <\/label>\n<\/p>\n<p><label> Deine Nachricht (optional)<br \/>\n<span class=\"wpcf7-form-control-wrap\" data-name=\"your-message\"><textarea cols=\"40\" rows=\"10\" maxlength=\"2000\" class=\"wpcf7-form-control wpcf7-textarea\" aria-invalid=\"false\" name=\"your-message\"><\/textarea><\/span> <\/label>\n<\/p>\n<p><span class=\"wpcf7-form-control-wrap\" data-name=\"quiz-182\"><label><span class=\"wpcf7-quiz-label\">Mein Jahrgang<\/span> <input size=\"40\" class=\"wpcf7-form-control wpcf7-quiz\" autocomplete=\"off\" aria-required=\"true\" aria-invalid=\"false\" type=\"text\" name=\"quiz-182\" \/><\/label><input type=\"hidden\" name=\"_wpcf7_quiz_answer_quiz-182\" value=\"32dbd3eac1807561756ae70204aa9154\" \/><\/span>\n<\/p>\n<p><input class=\"wpcf7-form-control wpcf7-submit has-spinner\" type=\"submit\" value=\"Senden\" \/>\n<\/p><div class=\"wpcf7-response-output\" aria-hidden=\"true\"><\/div>\n<\/form>\n<\/div>\n<\/div>\n<\/div>\n<\/div>\n\n\n\n<div class=\"wp-block-column is-vertically-aligned-center is-layout-flow wp-block-column-is-layout-flow\" style=\"flex-basis:50%\">\n<figure class=\"wp-block-image size-full is-style-rounded is-style-rounded--1\"><img loading=\"lazy\" decoding=\"async\" width=\"858\" height=\"938\" src=\"https:\/\/repandcreate-mueller.ch\/wordpress\/wp-content\/uploads\/2024\/06\/TSC_Visitenkarten.png\" alt=\"\" class=\"wp-image-337\" srcset=\"https:\/\/repandcreate-mueller.ch\/wp-content\/uploads\/2024\/06\/TSC_Visitenkarten.png 858w, https:\/\/repandcreate-mueller.ch\/wp-content\/uploads\/2024\/06\/TSC_Visitenkarten-274x300.png 274w, https:\/\/repandcreate-mueller.ch\/wp-content\/uploads\/2024\/06\/TSC_Visitenkarten-768x840.png 768w\" sizes=\"auto, (max-width: 858px) 100vw, 858px\" \/><\/figure>\n<\/div>\n<\/div>\n<\/div>\n","protected":false},"excerpt":{"rendered":"<p>CAD Service: Meine Infrastruktur \/ Grenzen:<\/p>\n","protected":false},"author":1,"featured_media":0,"parent":0,"menu_order":0,"comment_status":"closed","ping_status":"closed","template":"","meta":{"footnotes":""},"class_list":["post-243","page","type-page","status-publish","hentry"],"yoast_head":"<!-- This site is optimized with the Yoast SEO plugin v27.4 - https:\/\/yoast.com\/product\/yoast-seo-wordpress\/ -->\n<title>Das darfst du erwarten - Repair and Create<\/title>\n<meta name=\"robots\" content=\"index, follow, max-snippet:-1, max-image-preview:large, max-video-preview:-1\" \/>\n<link rel=\"canonical\" href=\"https:\/\/repandcreate-mueller.ch\/?page_id=243\" \/>\n<meta property=\"og:locale\" content=\"de_DE\" \/>\n<meta property=\"og:type\" content=\"article\" \/>\n<meta property=\"og:title\" content=\"Das darfst du erwarten - Repair and Create\" \/>\n<meta property=\"og:description\" content=\"CAD Service: Meine Infrastruktur \/ Grenzen:\" \/>\n<meta property=\"og:url\" content=\"https:\/\/repandcreate-mueller.ch\/?page_id=243\" \/>\n<meta property=\"og:site_name\" content=\"Repair and Create\" \/>\n<meta property=\"article:modified_time\" content=\"2024-07-03T21:13:06+00:00\" \/>\n<meta property=\"og:image\" content=\"https:\/\/repandcreate-mueller.ch\/wordpress\/wp-content\/uploads\/2024\/06\/StarletGross-1024x281.png\" \/>\n<meta name=\"twitter:card\" content=\"summary_large_image\" \/>\n<meta name=\"twitter:label1\" content=\"Gesch\u00e4tzte Lesezeit\" \/>\n\t<meta name=\"twitter:data1\" content=\"2\u00a0Minuten\" \/>\n<script type=\"application\/ld+json\" class=\"yoast-schema-graph\">{\"@context\":\"https:\\\/\\\/schema.org\",\"@graph\":[{\"@type\":\"WebPage\",\"@id\":\"https:\\\/\\\/repandcreate-mueller.ch\\\/?page_id=243\",\"url\":\"https:\\\/\\\/repandcreate-mueller.ch\\\/?page_id=243\",\"name\":\"Das darfst du erwarten - Repair and Create\",\"isPartOf\":{\"@id\":\"https:\\\/\\\/repandcreate-mueller.ch\\\/#website\"},\"primaryImageOfPage\":{\"@id\":\"https:\\\/\\\/repandcreate-mueller.ch\\\/?page_id=243#primaryimage\"},\"image\":{\"@id\":\"https:\\\/\\\/repandcreate-mueller.ch\\\/?page_id=243#primaryimage\"},\"thumbnailUrl\":\"https:\\\/\\\/repandcreate-mueller.ch\\\/wordpress\\\/wp-content\\\/uploads\\\/2024\\\/06\\\/StarletGross-1024x281.png\",\"datePublished\":\"2024-04-24T12:36:52+00:00\",\"dateModified\":\"2024-07-03T21:13:06+00:00\",\"breadcrumb\":{\"@id\":\"https:\\\/\\\/repandcreate-mueller.ch\\\/?page_id=243#breadcrumb\"},\"inLanguage\":\"de\",\"potentialAction\":[{\"@type\":\"ReadAction\",\"target\":[\"https:\\\/\\\/repandcreate-mueller.ch\\\/?page_id=243\"]}]},{\"@type\":\"ImageObject\",\"inLanguage\":\"de\",\"@id\":\"https:\\\/\\\/repandcreate-mueller.ch\\\/?page_id=243#primaryimage\",\"url\":\"https:\\\/\\\/repandcreate-mueller.ch\\\/wp-content\\\/uploads\\\/2024\\\/06\\\/StarletGross.png\",\"contentUrl\":\"https:\\\/\\\/repandcreate-mueller.ch\\\/wp-content\\\/uploads\\\/2024\\\/06\\\/StarletGross.png\",\"width\":5120,\"height\":1405},{\"@type\":\"BreadcrumbList\",\"@id\":\"https:\\\/\\\/repandcreate-mueller.ch\\\/?page_id=243#breadcrumb\",\"itemListElement\":[{\"@type\":\"ListItem\",\"position\":1,\"name\":\"Startseite\",\"item\":\"https:\\\/\\\/repandcreate-mueller.ch\\\/\"},{\"@type\":\"ListItem\",\"position\":2,\"name\":\"Das darfst du erwarten\"}]},{\"@type\":\"WebSite\",\"@id\":\"https:\\\/\\\/repandcreate-mueller.ch\\\/#website\",\"url\":\"https:\\\/\\\/repandcreate-mueller.ch\\\/\",\"name\":\"Repair and Create\",\"description\":\"Reperaturen, CAD Design, IoT, 3d Druck\",\"publisher\":{\"@id\":\"https:\\\/\\\/repandcreate-mueller.ch\\\/#organization\"},\"potentialAction\":[{\"@type\":\"SearchAction\",\"target\":{\"@type\":\"EntryPoint\",\"urlTemplate\":\"https:\\\/\\\/repandcreate-mueller.ch\\\/?s={search_term_string}\"},\"query-input\":{\"@type\":\"PropertyValueSpecification\",\"valueRequired\":true,\"valueName\":\"search_term_string\"}}],\"inLanguage\":\"de\"},{\"@type\":\"Organization\",\"@id\":\"https:\\\/\\\/repandcreate-mueller.ch\\\/#organization\",\"name\":\"Repair and Create\",\"url\":\"https:\\\/\\\/repandcreate-mueller.ch\\\/\",\"logo\":{\"@type\":\"ImageObject\",\"inLanguage\":\"de\",\"@id\":\"https:\\\/\\\/repandcreate-mueller.ch\\\/#\\\/schema\\\/logo\\\/image\\\/\",\"url\":\"https:\\\/\\\/repandcreate-mueller.ch\\\/wp-content\\\/uploads\\\/2024\\\/06\\\/Logo_Bild6.png\",\"contentUrl\":\"https:\\\/\\\/repandcreate-mueller.ch\\\/wp-content\\\/uploads\\\/2024\\\/06\\\/Logo_Bild6.png\",\"width\":3840,\"height\":2160,\"caption\":\"Repair and Create\"},\"image\":{\"@id\":\"https:\\\/\\\/repandcreate-mueller.ch\\\/#\\\/schema\\\/logo\\\/image\\\/\"}}]}<\/script>\n<!-- \/ Yoast SEO plugin. -->","yoast_head_json":{"title":"Das darfst du erwarten - Repair and Create","robots":{"index":"index","follow":"follow","max-snippet":"max-snippet:-1","max-image-preview":"max-image-preview:large","max-video-preview":"max-video-preview:-1"},"canonical":"https:\/\/repandcreate-mueller.ch\/?page_id=243","og_locale":"de_DE","og_type":"article","og_title":"Das darfst du erwarten - Repair and Create","og_description":"CAD Service: Meine Infrastruktur \/ Grenzen:","og_url":"https:\/\/repandcreate-mueller.ch\/?page_id=243","og_site_name":"Repair and Create","article_modified_time":"2024-07-03T21:13:06+00:00","og_image":[{"url":"https:\/\/repandcreate-mueller.ch\/wordpress\/wp-content\/uploads\/2024\/06\/StarletGross-1024x281.png","type":"","width":"","height":""}],"twitter_card":"summary_large_image","twitter_misc":{"Gesch\u00e4tzte Lesezeit":"2\u00a0Minuten"},"schema":{"@context":"https:\/\/schema.org","@graph":[{"@type":"WebPage","@id":"https:\/\/repandcreate-mueller.ch\/?page_id=243","url":"https:\/\/repandcreate-mueller.ch\/?page_id=243","name":"Das darfst du erwarten - Repair and Create","isPartOf":{"@id":"https:\/\/repandcreate-mueller.ch\/#website"},"primaryImageOfPage":{"@id":"https:\/\/repandcreate-mueller.ch\/?page_id=243#primaryimage"},"image":{"@id":"https:\/\/repandcreate-mueller.ch\/?page_id=243#primaryimage"},"thumbnailUrl":"https:\/\/repandcreate-mueller.ch\/wordpress\/wp-content\/uploads\/2024\/06\/StarletGross-1024x281.png","datePublished":"2024-04-24T12:36:52+00:00","dateModified":"2024-07-03T21:13:06+00:00","breadcrumb":{"@id":"https:\/\/repandcreate-mueller.ch\/?page_id=243#breadcrumb"},"inLanguage":"de","potentialAction":[{"@type":"ReadAction","target":["https:\/\/repandcreate-mueller.ch\/?page_id=243"]}]},{"@type":"ImageObject","inLanguage":"de","@id":"https:\/\/repandcreate-mueller.ch\/?page_id=243#primaryimage","url":"https:\/\/repandcreate-mueller.ch\/wp-content\/uploads\/2024\/06\/StarletGross.png","contentUrl":"https:\/\/repandcreate-mueller.ch\/wp-content\/uploads\/2024\/06\/StarletGross.png","width":5120,"height":1405},{"@type":"BreadcrumbList","@id":"https:\/\/repandcreate-mueller.ch\/?page_id=243#breadcrumb","itemListElement":[{"@type":"ListItem","position":1,"name":"Startseite","item":"https:\/\/repandcreate-mueller.ch\/"},{"@type":"ListItem","position":2,"name":"Das darfst du erwarten"}]},{"@type":"WebSite","@id":"https:\/\/repandcreate-mueller.ch\/#website","url":"https:\/\/repandcreate-mueller.ch\/","name":"Repair and Create","description":"Reperaturen, CAD Design, IoT, 3d Druck","publisher":{"@id":"https:\/\/repandcreate-mueller.ch\/#organization"},"potentialAction":[{"@type":"SearchAction","target":{"@type":"EntryPoint","urlTemplate":"https:\/\/repandcreate-mueller.ch\/?s={search_term_string}"},"query-input":{"@type":"PropertyValueSpecification","valueRequired":true,"valueName":"search_term_string"}}],"inLanguage":"de"},{"@type":"Organization","@id":"https:\/\/repandcreate-mueller.ch\/#organization","name":"Repair and Create","url":"https:\/\/repandcreate-mueller.ch\/","logo":{"@type":"ImageObject","inLanguage":"de","@id":"https:\/\/repandcreate-mueller.ch\/#\/schema\/logo\/image\/","url":"https:\/\/repandcreate-mueller.ch\/wp-content\/uploads\/2024\/06\/Logo_Bild6.png","contentUrl":"https:\/\/repandcreate-mueller.ch\/wp-content\/uploads\/2024\/06\/Logo_Bild6.png","width":3840,"height":2160,"caption":"Repair and Create"},"image":{"@id":"https:\/\/repandcreate-mueller.ch\/#\/schema\/logo\/image\/"}}]}},"jetpack_sharing_enabled":true,"_links":{"self":[{"href":"https:\/\/repandcreate-mueller.ch\/index.php?rest_route=\/wp\/v2\/pages\/243","targetHints":{"allow":["GET"]}}],"collection":[{"href":"https:\/\/repandcreate-mueller.ch\/index.php?rest_route=\/wp\/v2\/pages"}],"about":[{"href":"https:\/\/repandcreate-mueller.ch\/index.php?rest_route=\/wp\/v2\/types\/page"}],"author":[{"embeddable":true,"href":"https:\/\/repandcreate-mueller.ch\/index.php?rest_route=\/wp\/v2\/users\/1"}],"replies":[{"embeddable":true,"href":"https:\/\/repandcreate-mueller.ch\/index.php?rest_route=%2Fwp%2Fv2%2Fcomments&post=243"}],"version-history":[{"count":7,"href":"https:\/\/repandcreate-mueller.ch\/index.php?rest_route=\/wp\/v2\/pages\/243\/revisions"}],"predecessor-version":[{"id":365,"href":"https:\/\/repandcreate-mueller.ch\/index.php?rest_route=\/wp\/v2\/pages\/243\/revisions\/365"}],"wp:attachment":[{"href":"https:\/\/repandcreate-mueller.ch\/index.php?rest_route=%2Fwp%2Fv2%2Fmedia&parent=243"}],"curies":[{"name":"wp","href":"https:\/\/api.w.org\/{rel}","templated":true}]}}