{"id":294,"date":"2024-06-02T17:37:31","date_gmt":"2024-06-02T17:37:31","guid":{"rendered":"https:\/\/repandcreate-mueller.ch\/wordpress\/?page_id=294"},"modified":"2024-07-03T21:31:22","modified_gmt":"2024-07-03T21:31:22","slug":"team","status":"publish","type":"page","link":"https:\/\/repandcreate-mueller.ch\/?page_id=294","title":{"rendered":"Team"},"content":{"rendered":"\n<pre class=\"wp-block-preformatted\">F\u00fcr 3D-Druck, CAD und Elektronik\/Hausautomation bin ich zust\u00e4ndig. Falls es weiterf\u00fchrende Auftr\u00e4ge sind, arbeite ich mit folgenden zusammen:<\/pre>\n\n\n\n<div class=\"wp-block-columns alignwide are-vertically-aligned-center is-layout-flex wp-container-core-columns-is-layout-28f84493 wp-block-columns-is-layout-flex\">\n<div class=\"wp-block-column is-vertically-aligned-center is-layout-flow wp-block-column-is-layout-flow\">\n<a href=\"https:\/\/tanjaz.ch\/\" target=\"blank\" rel=\"noopener\"> TANJA Z, Familien und Hundefotografie<\/a>\n<\/div>\n\n\n\n<div class=\"wp-block-column is-vertically-aligned-center is-layout-flow wp-block-column-is-layout-flow\">\n<pre class=\"wp-block-preformatted\">Meine Frau arbeitet als Fotografin. Ich kann sie nur w\u00e4rmstens empfehlen. Sie unterst\u00fctzt mich, falls es um Ideen, professionelle Fotos (die meisten auf meiner Page habe ich mit meinem Handy gemacht ;-)) oder sonstiges geht. Zudem macht sie hobbym\u00e4ssig auch T-Shirts mit Logos oder sonstigem.<\/pre>\n<\/div>\n<\/div>\n\n\n\n<div class=\"wp-block-columns alignwide is-layout-flex wp-container-core-columns-is-layout-28f84493 wp-block-columns-is-layout-flex\">\n<div class=\"wp-block-column is-vertically-aligned-center is-layout-flow wp-block-column-is-layout-flow\"><\/div>\n\n\n\n<div class=\"wp-block-column is-layout-flow wp-block-column-is-layout-flow\"><\/div>\n<\/div>\n\n\n\n<p><\/p>\n","protected":false},"excerpt":{"rendered":"<p>F\u00fcr 3D-Druck, CAD und Elektronik\/Hausautomation bin ich zust\u00e4ndig. Falls es weiterf\u00fchrende Auftr\u00e4ge sind, arbeite ich mit folgenden zusammen: TANJA Z, Familien und Hundefotografie Meine Frau arbeitet als Fotografin. Ich kann sie nur w\u00e4rmstens empfehlen. Sie unterst\u00fctzt mich, falls es um Ideen, professionelle Fotos (die meisten auf meiner Page habe ich mit meinem Handy gemacht ;-)) [&hellip;]<\/p>\n","protected":false},"author":1,"featured_media":0,"parent":0,"menu_order":0,"comment_status":"closed","ping_status":"closed","template":"","meta":{"footnotes":""},"class_list":["post-294","page","type-page","status-publish","hentry"],"yoast_head":"<!-- This site is optimized with the Yoast SEO plugin v27.4 - https:\/\/yoast.com\/product\/yoast-seo-wordpress\/ -->\n<title>Team - Repair and Create<\/title>\n<meta name=\"robots\" content=\"index, follow, max-snippet:-1, max-image-preview:large, max-video-preview:-1\" \/>\n<link rel=\"canonical\" href=\"https:\/\/repandcreate-mueller.ch\/?page_id=294\" \/>\n<meta property=\"og:locale\" content=\"de_DE\" \/>\n<meta property=\"og:type\" content=\"article\" \/>\n<meta property=\"og:title\" content=\"Team - Repair and Create\" \/>\n<meta property=\"og:description\" content=\"F\u00fcr 3D-Druck, CAD und Elektronik\/Hausautomation bin ich zust\u00e4ndig. Falls es weiterf\u00fchrende Auftr\u00e4ge sind, arbeite ich mit folgenden zusammen: TANJA Z, Familien und Hundefotografie Meine Frau arbeitet als Fotografin. Ich kann sie nur w\u00e4rmstens empfehlen. Sie unterst\u00fctzt mich, falls es um Ideen, professionelle Fotos (die meisten auf meiner Page habe ich mit meinem Handy gemacht ;-)) [&hellip;]\" \/>\n<meta property=\"og:url\" content=\"https:\/\/repandcreate-mueller.ch\/?page_id=294\" \/>\n<meta property=\"og:site_name\" content=\"Repair and Create\" \/>\n<meta property=\"article:modified_time\" content=\"2024-07-03T21:31:22+00:00\" \/>\n<meta name=\"twitter:card\" content=\"summary_large_image\" \/>\n<meta name=\"twitter:label1\" content=\"Gesch\u00e4tzte Lesezeit\" \/>\n\t<meta name=\"twitter:data1\" content=\"1\u00a0Minute\" \/>\n<script type=\"application\/ld+json\" class=\"yoast-schema-graph\">{\"@context\":\"https:\\\/\\\/schema.org\",\"@graph\":[{\"@type\":\"WebPage\",\"@id\":\"https:\\\/\\\/repandcreate-mueller.ch\\\/?page_id=294\",\"url\":\"https:\\\/\\\/repandcreate-mueller.ch\\\/?page_id=294\",\"name\":\"Team - Repair and Create\",\"isPartOf\":{\"@id\":\"https:\\\/\\\/repandcreate-mueller.ch\\\/#website\"},\"datePublished\":\"2024-06-02T17:37:31+00:00\",\"dateModified\":\"2024-07-03T21:31:22+00:00\",\"breadcrumb\":{\"@id\":\"https:\\\/\\\/repandcreate-mueller.ch\\\/?page_id=294#breadcrumb\"},\"inLanguage\":\"de\",\"potentialAction\":[{\"@type\":\"ReadAction\",\"target\":[\"https:\\\/\\\/repandcreate-mueller.ch\\\/?page_id=294\"]}]},{\"@type\":\"BreadcrumbList\",\"@id\":\"https:\\\/\\\/repandcreate-mueller.ch\\\/?page_id=294#breadcrumb\",\"itemListElement\":[{\"@type\":\"ListItem\",\"position\":1,\"name\":\"Startseite\",\"item\":\"https:\\\/\\\/repandcreate-mueller.ch\\\/\"},{\"@type\":\"ListItem\",\"position\":2,\"name\":\"Team\"}]},{\"@type\":\"WebSite\",\"@id\":\"https:\\\/\\\/repandcreate-mueller.ch\\\/#website\",\"url\":\"https:\\\/\\\/repandcreate-mueller.ch\\\/\",\"name\":\"Repair and Create\",\"description\":\"Reperaturen, CAD Design, IoT, 3d Druck\",\"publisher\":{\"@id\":\"https:\\\/\\\/repandcreate-mueller.ch\\\/#organization\"},\"potentialAction\":[{\"@type\":\"SearchAction\",\"target\":{\"@type\":\"EntryPoint\",\"urlTemplate\":\"https:\\\/\\\/repandcreate-mueller.ch\\\/?s={search_term_string}\"},\"query-input\":{\"@type\":\"PropertyValueSpecification\",\"valueRequired\":true,\"valueName\":\"search_term_string\"}}],\"inLanguage\":\"de\"},{\"@type\":\"Organization\",\"@id\":\"https:\\\/\\\/repandcreate-mueller.ch\\\/#organization\",\"name\":\"Repair and Create\",\"url\":\"https:\\\/\\\/repandcreate-mueller.ch\\\/\",\"logo\":{\"@type\":\"ImageObject\",\"inLanguage\":\"de\",\"@id\":\"https:\\\/\\\/repandcreate-mueller.ch\\\/#\\\/schema\\\/logo\\\/image\\\/\",\"url\":\"https:\\\/\\\/repandcreate-mueller.ch\\\/wp-content\\\/uploads\\\/2024\\\/06\\\/Logo_Bild6.png\",\"contentUrl\":\"https:\\\/\\\/repandcreate-mueller.ch\\\/wp-content\\\/uploads\\\/2024\\\/06\\\/Logo_Bild6.png\",\"width\":3840,\"height\":2160,\"caption\":\"Repair and Create\"},\"image\":{\"@id\":\"https:\\\/\\\/repandcreate-mueller.ch\\\/#\\\/schema\\\/logo\\\/image\\\/\"}}]}<\/script>\n<!-- \/ Yoast SEO plugin. -->","yoast_head_json":{"title":"Team - Repair and Create","robots":{"index":"index","follow":"follow","max-snippet":"max-snippet:-1","max-image-preview":"max-image-preview:large","max-video-preview":"max-video-preview:-1"},"canonical":"https:\/\/repandcreate-mueller.ch\/?page_id=294","og_locale":"de_DE","og_type":"article","og_title":"Team - Repair and Create","og_description":"F\u00fcr 3D-Druck, CAD und Elektronik\/Hausautomation bin ich zust\u00e4ndig. Falls es weiterf\u00fchrende Auftr\u00e4ge sind, arbeite ich mit folgenden zusammen: TANJA Z, Familien und Hundefotografie Meine Frau arbeitet als Fotografin. Ich kann sie nur w\u00e4rmstens empfehlen. Sie unterst\u00fctzt mich, falls es um Ideen, professionelle Fotos (die meisten auf meiner Page habe ich mit meinem Handy gemacht ;-)) [&hellip;]","og_url":"https:\/\/repandcreate-mueller.ch\/?page_id=294","og_site_name":"Repair and Create","article_modified_time":"2024-07-03T21:31:22+00:00","twitter_card":"summary_large_image","twitter_misc":{"Gesch\u00e4tzte Lesezeit":"1\u00a0Minute"},"schema":{"@context":"https:\/\/schema.org","@graph":[{"@type":"WebPage","@id":"https:\/\/repandcreate-mueller.ch\/?page_id=294","url":"https:\/\/repandcreate-mueller.ch\/?page_id=294","name":"Team - Repair and Create","isPartOf":{"@id":"https:\/\/repandcreate-mueller.ch\/#website"},"datePublished":"2024-06-02T17:37:31+00:00","dateModified":"2024-07-03T21:31:22+00:00","breadcrumb":{"@id":"https:\/\/repandcreate-mueller.ch\/?page_id=294#breadcrumb"},"inLanguage":"de","potentialAction":[{"@type":"ReadAction","target":["https:\/\/repandcreate-mueller.ch\/?page_id=294"]}]},{"@type":"BreadcrumbList","@id":"https:\/\/repandcreate-mueller.ch\/?page_id=294#breadcrumb","itemListElement":[{"@type":"ListItem","position":1,"name":"Startseite","item":"https:\/\/repandcreate-mueller.ch\/"},{"@type":"ListItem","position":2,"name":"Team"}]},{"@type":"WebSite","@id":"https:\/\/repandcreate-mueller.ch\/#website","url":"https:\/\/repandcreate-mueller.ch\/","name":"Repair and Create","description":"Reperaturen, CAD Design, IoT, 3d Druck","publisher":{"@id":"https:\/\/repandcreate-mueller.ch\/#organization"},"potentialAction":[{"@type":"SearchAction","target":{"@type":"EntryPoint","urlTemplate":"https:\/\/repandcreate-mueller.ch\/?s={search_term_string}"},"query-input":{"@type":"PropertyValueSpecification","valueRequired":true,"valueName":"search_term_string"}}],"inLanguage":"de"},{"@type":"Organization","@id":"https:\/\/repandcreate-mueller.ch\/#organization","name":"Repair and Create","url":"https:\/\/repandcreate-mueller.ch\/","logo":{"@type":"ImageObject","inLanguage":"de","@id":"https:\/\/repandcreate-mueller.ch\/#\/schema\/logo\/image\/","url":"https:\/\/repandcreate-mueller.ch\/wp-content\/uploads\/2024\/06\/Logo_Bild6.png","contentUrl":"https:\/\/repandcreate-mueller.ch\/wp-content\/uploads\/2024\/06\/Logo_Bild6.png","width":3840,"height":2160,"caption":"Repair and Create"},"image":{"@id":"https:\/\/repandcreate-mueller.ch\/#\/schema\/logo\/image\/"}}]}},"jetpack_sharing_enabled":true,"_links":{"self":[{"href":"https:\/\/repandcreate-mueller.ch\/index.php?rest_route=\/wp\/v2\/pages\/294","targetHints":{"allow":["GET"]}}],"collection":[{"href":"https:\/\/repandcreate-mueller.ch\/index.php?rest_route=\/wp\/v2\/pages"}],"about":[{"href":"https:\/\/repandcreate-mueller.ch\/index.php?rest_route=\/wp\/v2\/types\/page"}],"author":[{"embeddable":true,"href":"https:\/\/repandcreate-mueller.ch\/index.php?rest_route=\/wp\/v2\/users\/1"}],"replies":[{"embeddable":true,"href":"https:\/\/repandcreate-mueller.ch\/index.php?rest_route=%2Fwp%2Fv2%2Fcomments&post=294"}],"version-history":[{"count":10,"href":"https:\/\/repandcreate-mueller.ch\/index.php?rest_route=\/wp\/v2\/pages\/294\/revisions"}],"predecessor-version":[{"id":367,"href":"https:\/\/repandcreate-mueller.ch\/index.php?rest_route=\/wp\/v2\/pages\/294\/revisions\/367"}],"wp:attachment":[{"href":"https:\/\/repandcreate-mueller.ch\/index.php?rest_route=%2Fwp%2Fv2%2Fmedia&parent=294"}],"curies":[{"name":"wp","href":"https:\/\/api.w.org\/{rel}","templated":true}]}}